{"id":43,"date":"2018-05-08T11:51:25","date_gmt":"2018-05-08T09:51:25","guid":{"rendered":"http:\/\/eola.mikado-themes.com\/?page_id=43"},"modified":"2025-05-30T09:20:16","modified_gmt":"2025-05-30T07:20:16","slug":"prodotti-colori-trattamenti-per-capelli","status":"publish","type":"page","link":"https:\/\/bottegheofficinali.com\/fr\/","title":{"rendered":"Home"},"content":{"rendered":"<div class=\"vc_row wpb_row vc_row-fluid\" ><div class=\"wpb_column vc_column_container vc_col-sm-12\"><div class=\"vc_column-inner\"><div class=\"wpb_wrapper\"><div class=\"wpb_revslider_element wpb_content_element\">\n\t\t\t<!-- START Home4slider REVOLUTION SLIDER 6.7.23 --><p class=\"rs-p-wp-fix\"><\/p>\n\t\t\t<rs-module-wrap id=\"rev_slider_2_1_wrapper\" data-source=\"gallery\" style=\"visibility:hidden;background:#eaf0ef;padding:0;margin:0px auto;margin-top:0;margin-bottom:0;\">\n\t\t\t\t<rs-module id=\"rev_slider_2_1\" style=\"\" data-version=\"6.7.23\">\n\t\t\t\t\t<rs-slides style=\"overflow: hidden; position: absolute;\">\n\t\t\t\t\t\t<rs-slide style=\"position: absolute;\" data-key=\"rs-6\" data-title=\"Slide\" data-anim=\"adpr:false;\" data-in=\"o:0;\" data-out=\"a:false;\">\n\t\t\t\t\t\t\t<img decoding=\"async\" src=\"\/\/bottegheofficinali.com\/wp-content\/plugins\/revslider\/sr6\/assets\/assets\/dummy.png\" alt=\"\" title=\"Slide_HOME_summer_2020\" width=\"1920\" height=\"700\" class=\"rev-slidebg tp-rs-img rs-lazyload\" data-lazyload=\"\/\/bottegheofficinali.com\/wp-content\/uploads\/2020\/06\/Slide_HOME_summer_2020.jpg\" data-parallax=\"6\" data-no-retina>\n<!--\n\t\t\t\t\t\t\t--><rs-layer\n\t\t\t\t\t\t\t\tid=\"slider-2-slide-6-layer-2\" \n\t\t\t\t\t\t\t\tdata-type=\"text\"\n\t\t\t\t\t\t\t\tdata-color=\"#ffffff||#464646||#464646||#464646\"\n\t\t\t\t\t\t\t\tdata-xy=\"x:c;xo:0,385px,185px,71px;y:m;yo:241px,-19px,-4px,22px;\"\n\t\t\t\t\t\t\t\tdata-text=\"w:normal;s:40,20,16,16;l:28;fw:300;a:inherit;\"\n\t\t\t\t\t\t\t\tdata-dim=\"w:398px,419px,309px,197px;h:58px,auto,57px,141px;\"\n\t\t\t\t\t\t\t\tdata-basealign=\"slide\"\n\t\t\t\t\t\t\t\tdata-rsp_bd=\"off\"\n\t\t\t\t\t\t\t\tdata-frame_0=\"o:1;\"\n\t\t\t\t\t\t\t\tdata-frame_0_lines=\"d:15;x:50px;o:0;\"\n\t\t\t\t\t\t\t\tdata-frame_1=\"e:power1.out;st:500;sp:500;sR:500;\"\n\t\t\t\t\t\t\t\tdata-frame_1_lines=\"d:15;\"\n\t\t\t\t\t\t\t\tdata-frame_999=\"o:0;e:power1.out;st:w;sR:2500;\"\n\t\t\t\t\t\t\t\tstyle=\"z-index:5;font-family:'Work Sans';\"\n\t\t\t\t\t\t\t>Semplice <i class=\"fa-pagelines\"><\/i> Naturale \n\t\t\t\t\t\t\t<\/rs-layer><!--\n\n\t\t\t\t\t\t\t--><rs-layer\n\t\t\t\t\t\t\t\tid=\"slider-2-slide-6-layer-4\" \n\t\t\t\t\t\t\t\tclass=\"rev-scroll-btn\"\n\t\t\t\t\t\t\t\tdata-type=\"button\"\n\t\t\t\t\t\t\t\tdata-xy=\"x:c;yo:597px;\"\n\t\t\t\t\t\t\t\tdata-text=\"fw:300;a:inherit;\"\n\t\t\t\t\t\t\t\tdata-dim=\"w:134px;h:56px;\"\n\t\t\t\t\t\t\t\tdata-rsp_bd=\"off\"\n\t\t\t\t\t\t\t\tdata-border=\"bos:solid;boc:rgba(255, 255, 255, 0);bow:3px,3px,3px,3px;bor:23px,23px,23px,23px;\"\n\t\t\t\t\t\t\t\tdata-frame_999=\"o:0;st:w;sR:3200;\"\n\t\t\t\t\t\t\t\tstyle=\"z-index:6;background-color:rgba(0,0,0,0);font-family:'Open Sans';cursor:pointer;box-sizing:border-box;-moz-box-sizing:border-box;-webkit-box-sizing:border-box;\"\n\t\t\t\t\t\t\t>\t\t\t\t\t\t\t\n\t\t\t\t\t\t\t<span>\n\t\t\t\t\t\t\t<\/span>\t\t\t\t\t\t\t\n\t\t\t\t\t\t \n\t\t\t\t\t\t\t<\/rs-layer><!--\n-->\t\t\t\t\t<\/rs-slide>\n\t\t\t\t\t<\/rs-slides>\n\t\t\t\t<\/rs-module>\n\t\t\t\t<script>\n\t\t\t\t\tsetREVStartSize({c: 'rev_slider_2_1',rl:[1240,1024,778,480],el:[783,645,645,645],gw:[1200,1100,855,480],gh:[783,645,645,645],type:'standard',justify:'',layout:'fullwidth',mh:\"0\"});if (window.RS_MODULES!==undefined && window.RS_MODULES.modules!==undefined && window.RS_MODULES.modules[\"revslider21\"]!==undefined) {window.RS_MODULES.modules[\"revslider21\"].once = false;window.revapi2 = undefined;if (window.RS_MODULES.checkMinimal!==undefined) window.RS_MODULES.checkMinimal()}\n\t\t\t\t<\/script>\n\t\t\t<\/rs-module-wrap>\n\t\t\t<!-- END REVOLUTION SLIDER -->\n<\/div><\/div><\/div><\/div><\/div><div class=\"mkdf-row-grid-section-wrapper mkdf-content-aligment-center\"  ><div class=\"mkdf-row-grid-section\"><div class=\"vc_row wpb_row vc_row-fluid vc_custom_1567431861613\" ><div class=\"wpb_column vc_column_container vc_col-sm-12\"><div class=\"vc_column-inner\"><div class=\"wpb_wrapper\"><div class=\"mkdf-dual-image-showcase-holder  mkdf-dual-image-showcase-right mkdf-text-align-center mkdf-parallax-items\" >\n            <div class=\"mkdf-dis-text-holder\">\n                            <h4 class=\"mkdf-dis-subtitle\" style=\"color: #a09e31\">Naturel et biologique<\/h4>\n                                        <h1 class=\"mkdf-dis-title\" >Que peut-on faire pour ta peau ?<\/h1>\n                \t\t                <p class=\"mkdf-dis-text\" >Cosm\u00e9tique durable, pour prendre soin de vous-m\u00eame dans le respect des \u00e9quilibres physiologiques de votre corps et dans le respect du milieu ambiant.<\/p>\n                                 <\/div>\n        <div class=\"mkdf-dis-inner-holder\">\n            <div class=\"mkdf-background-image-holder\" data-y-axis-translation=\"-70\">\n                 <img loading=\"lazy\" decoding=\"async\" width=\"700\" height=\"700\" src=\"https:\/\/bottegheofficinali.com\/wp-content\/uploads\/2019\/09\/AB_01.jpg\" class=\"attachment-full size-full\" alt=\"\" srcset=\"https:\/\/bottegheofficinali.com\/wp-content\/uploads\/2019\/09\/AB_01.jpg 700w, https:\/\/bottegheofficinali.com\/wp-content\/uploads\/2019\/09\/AB_01-150x150.jpg 150w, https:\/\/bottegheofficinali.com\/wp-content\/uploads\/2019\/09\/AB_01-300x300.jpg 300w, https:\/\/bottegheofficinali.com\/wp-content\/uploads\/2019\/09\/AB_01-550x550.jpg 550w\" sizes=\"auto, (max-width: 700px) 100vw, 700px\" \/>            <\/div>\n            <div class=\"mkdf-foreground-image-holder\" data-y-axis-translation=\"50\">\n                             <\/div>\n        <\/div>\n    <\/div><\/div><\/div><\/div><\/div><\/div><\/div><div class=\"mkdf-row-grid-section-wrapper\"  ><div class=\"mkdf-row-grid-section\"><div class=\"vc_row wpb_row vc_row-fluid vc_custom_1526030978722\" ><div class=\"wpb_column vc_column_container vc_col-sm-12\"><div class=\"vc_column-inner\"><div class=\"wpb_wrapper\"><div class=\"mkdf-dual-image-showcase-holder  mkdf-dual-image-showcase-left mkdf-text-align-center mkdf-parallax-items\" >\n            <div class=\"mkdf-dis-inner-holder\">\n            <div class=\"mkdf-background-image-holder\" data-y-axis-translation=\"-70\">\n                 <img loading=\"lazy\" decoding=\"async\" width=\"700\" height=\"700\" src=\"https:\/\/bottegheofficinali.com\/wp-content\/uploads\/2019\/09\/Bimbi_001.jpg\" class=\"attachment-full size-full\" alt=\"prodotti per pidocchi per bambini e figli\" srcset=\"https:\/\/bottegheofficinali.com\/wp-content\/uploads\/2019\/09\/Bimbi_001.jpg 700w, https:\/\/bottegheofficinali.com\/wp-content\/uploads\/2019\/09\/Bimbi_001-150x150.jpg 150w, https:\/\/bottegheofficinali.com\/wp-content\/uploads\/2019\/09\/Bimbi_001-300x300.jpg 300w, https:\/\/bottegheofficinali.com\/wp-content\/uploads\/2019\/09\/Bimbi_001-550x550.jpg 550w\" sizes=\"auto, (max-width: 700px) 100vw, 700px\" \/>            <\/div>\n            <div class=\"mkdf-foreground-image-holder\" data-y-axis-translation=\"50\">\n                             <\/div>\n        <\/div>\n        <div class=\"mkdf-dis-text-holder\">\n                            <h4 class=\"mkdf-dis-subtitle\" style=\"color: #5c97db\">Que les poux vous trouvent pr\u00eats !<\/h4>\n                                        <h3 class=\"mkdf-dis-title\" style=\"margin-top: 0px;margin-bottom: 50px\">L\u2019\u00e9cole recommence<\/h3>\n                                        <p class=\"mkdf-dis-text\" >Dans l\u2019\u00e9cole, comme dans toute autre communaut\u00e9 d\u2019enfants, des cas de p\u00e9diculose peuvent survenir fr\u00e9quemment : les poux de la t\u00eate repr\u00e9sentent une g\u00eane et peuvent affecter n\u2019importe quelle personne, ind\u00e9pendamment de la classe sociale et du groupe ethnique auquel ils appartiennent. Trouve-toi un partenaire juste pour les faire fuir.<\/p>\n                         \t<div class=\"mkdf-gradient-button-holder\">\t\t<a itemprop=\"url\" href=\"https:\/\/bottegheofficinali.com\/it\/prodotto\/louse-buster-kit-pediculosi\/\" target=\"_self\"  class=\"mkdf-btn mkdf-btn-medium mkdf-btn-gradient mkdf-dual-image-showcase-button\"  >\t\t    <span class=\"mkdf-btn-text\">d\u00e9couvrir<\/span>\t\t    \t\t<\/a>\t<\/div>        <\/div>\n    <\/div><div class=\"mkdf-dual-image-showcase-holder  mkdf-dual-image-showcase-right mkdf-text-align-center mkdf-parallax-items\" >\n            <div class=\"mkdf-dis-text-holder\">\n                            <h4 class=\"mkdf-dis-subtitle\" style=\"color: #a09e31\">\u00c9thiquement responsables<\/h4>\n                                        <h3 class=\"mkdf-dis-title\" >Des choix qui font la diff\u00e9rence<\/h3>\n                \t\t                <p class=\"mkdf-dis-text\" >Nous aimons la Nature (Flore et Faune) et nous la v\u00e9n\u00e9rons, c\u2019est pourquoi nous avons choisi de nous tourner vers une client\u00e8le, attentive comme nous, non seulement \u00e0 la qualit\u00e9 du produit, mais aussi et surtout \u00e0 l\u2019aspect \u00e9thique de la provenance. Nous ne faisons pas de tests sur les animaux.<\/p>\n                                 <\/div>\n        <div class=\"mkdf-dis-inner-holder\">\n            <div class=\"mkdf-background-image-holder\" data-y-axis-translation=\"-70\">\n                 <img loading=\"lazy\" decoding=\"async\" width=\"700\" height=\"700\" src=\"https:\/\/bottegheofficinali.com\/wp-content\/uploads\/2020\/06\/BO_animl.jpg\" class=\"attachment-full size-full\" alt=\"\" srcset=\"https:\/\/bottegheofficinali.com\/wp-content\/uploads\/2020\/06\/BO_animl.jpg 700w, https:\/\/bottegheofficinali.com\/wp-content\/uploads\/2020\/06\/BO_animl-300x300.jpg 300w, https:\/\/bottegheofficinali.com\/wp-content\/uploads\/2020\/06\/BO_animl-150x150.jpg 150w, https:\/\/bottegheofficinali.com\/wp-content\/uploads\/2020\/06\/BO_animl-550x550.jpg 550w, https:\/\/bottegheofficinali.com\/wp-content\/uploads\/2020\/06\/BO_animl-200x200.jpg 200w, https:\/\/bottegheofficinali.com\/wp-content\/uploads\/2020\/06\/BO_animl-390x390.jpg 390w, https:\/\/bottegheofficinali.com\/wp-content\/uploads\/2020\/06\/BO_animl-100x100.jpg 100w\" sizes=\"auto, (max-width: 700px) 100vw, 700px\" \/>            <\/div>\n            <div class=\"mkdf-foreground-image-holder\" data-y-axis-translation=\"50\">\n                             <\/div>\n        <\/div>\n    <\/div><\/div><\/div><\/div><\/div><\/div><\/div><div class=\"vc_row wpb_row vc_row-fluid vc_custom_1548164240763\" ><div class=\"wpb_column vc_column_container vc_col-sm-12 vc_hidden-lg vc_hidden-md vc_hidden-sm vc_hidden-xs\"><div class=\"vc_column-inner vc_custom_1567587212185\"><div class=\"wpb_wrapper\"><div class=\"mkdf-testimonials-holder clearfix mkdf-testimonials\">\n    <div class=\"mkdf-testimonials mkdf-owl-slider\" data-enable-loop=\"yes\" data-enable-autoplay=\"yes\" data-slider-speed=\"3000\" data-slider-speed-animation=\"600\" data-enable-navigation=\"yes\" data-enable-pagination=\"yes\">\n\n    \n            <div class=\"mkdf-testimonial-content\" id=\"mkdf-testimonials-63\">\n                <div class=\"mkdf-testimonial-text-holder\">\n                                                                <div class=\"mkdf-text-quote-holder\">\n                            <span class=\"mkdf-testimonials-quote-sign\">&ldquo;<\/span>\n                            <h6 class=\"mkdf-testimonial-text\">Prodotti davvero fantastici, uso citron per ravvivare biondi delle mie clienti, \u00e8 semplicissimo ed efficace!<\/h6>\n                        <\/div>\n                                                                <h5 class=\"mkdf-testimonial-author\">\n                            <span class=\"mkdf-testimonials-author-name\">Engi - IT<\/span>\n                                                            <span class=\"mkdf-testimonials-author-job\">&lt;client&gt;<\/span>\n                                                    <\/h5>\n                                    <\/div>\n                            <\/div>\n\n    \n            <div class=\"mkdf-testimonial-content\" id=\"mkdf-testimonials-62\">\n                <div class=\"mkdf-testimonial-text-holder\">\n                                                                <div class=\"mkdf-text-quote-holder\">\n                            <span class=\"mkdf-testimonials-quote-sign\">&ldquo;<\/span>\n                            <h6 class=\"mkdf-testimonial-text\">Ho richiesto un consiglio prima dell&#039;acquisto dei pigmenti e in meno di un giorno ho ottenuto la risposta dallo staff. Veloci e molto gentili. Lo consiglio!<\/h6>\n                        <\/div>\n                                                                <h5 class=\"mkdf-testimonial-author\">\n                            <span class=\"mkdf-testimonials-author-name\">Francesca - IT<\/span>\n                                                            <span class=\"mkdf-testimonials-author-job\">&lt;client&gt;<\/span>\n                                                    <\/h5>\n                                    <\/div>\n                            <\/div>\n\n    \n            <div class=\"mkdf-testimonial-content\" id=\"mkdf-testimonials-61\">\n                <div class=\"mkdf-testimonial-text-holder\">\n                                                                <div class=\"mkdf-text-quote-holder\">\n                            <span class=\"mkdf-testimonials-quote-sign\">&ldquo;<\/span>\n                            <h6 class=\"mkdf-testimonial-text\">Amazing products, the products and the staff are fabulous!!!!! We found good quality and good support!! Thanks Adar\u00f2<\/h6>\n                        <\/div>\n                                                                <h5 class=\"mkdf-testimonial-author\">\n                            <span class=\"mkdf-testimonials-author-name\">Milena - UK<\/span>\n                                                            <span class=\"mkdf-testimonials-author-job\">&lt;salon operator&gt;<\/span>\n                                                    <\/h5>\n                                    <\/div>\n                            <\/div>\n\n    \n    <\/div>\n<\/div><\/div><\/div><\/div><\/div><div class=\"vc_row wpb_row vc_row-fluid vc_custom_1527771318228\" ><div class=\"wpb_column vc_column_container vc_col-sm-12 vc_hidden-lg vc_hidden-md vc_hidden-sm vc_hidden-xs\"><div class=\"vc_column-inner vc_custom_1552985459577\"><div class=\"wpb_wrapper\"><div class=\"mkdf-elements-holder   mkdf-one-column  mkdf-responsive-mode-768\" ><div class=\"mkdf-eh-item\"  data-item-class=\"mkdf-eh-custom-3010\">\n\t<div class=\"mkdf-eh-item-inner\">\n\t\t<div class=\"mkdf-eh-item-content mkdf-eh-custom-3010\" style=\"padding: 0 12% 0 12%\">\n\t\t\t<div class=\"mkdf-clients-carousel-holder mkdf-cc-hover-switch-images\">\n\t<div class=\"mkdf-cc-inner mkdf-owl-slider\" data-number-of-items=\"4\" data-enable-loop=\"yes\" data-enable-autoplay=\"yes\" data-slider-speed=\"5000\" data-slider-speed-animation=\"600\" data-enable-navigation=\"no\" data-enable-pagination=\"no\">\n\t\t<div class=\"mkdf-cc-item mkdf-item-space mkdf-cci-has-link\">\n\t\t\t<a itemprop=\"url\" class=\"mkdf-cc-link mkdf-block-drag-link\" href=\"https:\/\/eshop.adaro.it\/pages\/detail\/155\" target=\"_blank\">\n\t\t\t\t\t\t<img decoding=\"async\" itemprop=\"image\" class=\"mkdf-cc-image\" src=\"\" alt=\"\" \/>\n\t\t\t\t\t\t\t<img decoding=\"async\" itemprop=\"image\" class=\"mkdf-cc-hover-image\" src=\"\" alt=\"\" \/>\n\t\t\t\t\t<\/a>\n\t<\/div><div class=\"mkdf-cc-item mkdf-item-space mkdf-cci-has-link\">\n\t\t\t<a itemprop=\"url\" class=\"mkdf-cc-link mkdf-block-drag-link\" href=\"#\" target=\"_self\">\n\t\t\t\t\t\t<img decoding=\"async\" itemprop=\"image\" class=\"mkdf-cc-image\" src=\"\" alt=\"\" \/>\n\t\t\t\t\t\t\t<img decoding=\"async\" itemprop=\"image\" class=\"mkdf-cc-hover-image\" src=\"\" alt=\"\" \/>\n\t\t\t\t\t<\/a>\n\t<\/div><div class=\"mkdf-cc-item mkdf-item-space mkdf-cci-has-link\">\n\t\t\t<a itemprop=\"url\" class=\"mkdf-cc-link mkdf-block-drag-link\" href=\"#\" target=\"_self\">\n\t\t\t\t\t\t<img decoding=\"async\" itemprop=\"image\" class=\"mkdf-cc-image\" src=\"\" alt=\"\" \/>\n\t\t\t\t\t\t\t<img decoding=\"async\" itemprop=\"image\" class=\"mkdf-cc-hover-image\" src=\"\" alt=\"\" \/>\n\t\t\t\t\t<\/a>\n\t<\/div><div class=\"mkdf-cc-item mkdf-item-space mkdf-cci-has-link\">\n\t\t\t<a itemprop=\"url\" class=\"mkdf-cc-link mkdf-block-drag-link\" href=\"#\" target=\"_self\">\n\t\t\t\t\t\t<img decoding=\"async\" itemprop=\"image\" class=\"mkdf-cc-image\" src=\"\" alt=\"\" \/>\n\t\t\t\t\t\t\t<img decoding=\"async\" itemprop=\"image\" class=\"mkdf-cc-hover-image\" src=\"\" alt=\"\" \/>\n\t\t\t\t\t<\/a>\n\t<\/div>\t<\/div>\n<\/div>\t\t<\/div>\n\t<\/div>\n<\/div><\/div><\/div><\/div><\/div><\/div>","protected":false},"excerpt":{"rendered":"","protected":false},"author":1,"featured_media":0,"parent":0,"menu_order":2,"comment_status":"closed","ping_status":"closed","template":"full-width.php","meta":{"_acf_changed":false,"footnotes":""},"class_list":["post-43","page","type-page","status-publish","hentry"],"acf":[],"yoast_head":"<!-- This site is optimized with the Yoast SEO plugin v26.6 - https:\/\/yoast.com\/wordpress\/plugins\/seo\/ -->\n<title>Prodotti per pidocchi e cosmetici - Botteghe Officinali<\/title>\n<meta name=\"description\" content=\"Prodotti per pidocchi, cosmetica sostenibile per prenderti cura di te stesso e dei tuoi figli su bottegheofficinali.com tutti eticamente responsabili!\" \/>\n<meta name=\"robots\" content=\"index, follow, max-snippet:-1, max-image-preview:large, max-video-preview:-1\" \/>\n<link rel=\"canonical\" href=\"https:\/\/bottegheofficinali.com\/fr\/\" \/>\n<meta property=\"og:locale\" content=\"fr_FR\" \/>\n<meta property=\"og:type\" content=\"article\" \/>\n<meta property=\"og:title\" content=\"Prodotti per pidocchi e cosmetici - Botteghe Officinali\" \/>\n<meta property=\"og:description\" content=\"Prodotti per pidocchi, cosmetica sostenibile per prenderti cura di te stesso e dei tuoi figli su bottegheofficinali.com tutti eticamente responsabili!\" \/>\n<meta property=\"og:url\" content=\"https:\/\/bottegheofficinali.com\/fr\/\" \/>\n<meta property=\"og:site_name\" content=\"Botteghe Officinali\" \/>\n<meta property=\"article:modified_time\" content=\"2025-05-30T07:20:16+00:00\" \/>\n<meta name=\"twitter:card\" content=\"summary_large_image\" \/>\n<meta name=\"twitter:label1\" content=\"Est. reading time\" \/>\n\t<meta name=\"twitter:data1\" content=\"2 minutes\" \/>\n<script type=\"application\/ld+json\" class=\"yoast-schema-graph\">{\"@context\":\"https:\/\/schema.org\",\"@graph\":[{\"@type\":\"WebPage\",\"@id\":\"https:\/\/bottegheofficinali.com\/\",\"url\":\"https:\/\/bottegheofficinali.com\/\",\"name\":\"Prodotti per pidocchi e cosmetici - Botteghe Officinali\",\"isPartOf\":{\"@id\":\"https:\/\/bottegheofficinali.com\/it\/#website\"},\"datePublished\":\"2018-05-08T09:51:25+00:00\",\"dateModified\":\"2025-05-30T07:20:16+00:00\",\"description\":\"Prodotti per pidocchi, cosmetica sostenibile per prenderti cura di te stesso e dei tuoi figli su bottegheofficinali.com tutti eticamente responsabili!\",\"breadcrumb\":{\"@id\":\"https:\/\/bottegheofficinali.com\/#breadcrumb\"},\"inLanguage\":\"fr-FR\",\"potentialAction\":[{\"@type\":\"ReadAction\",\"target\":[\"https:\/\/bottegheofficinali.com\/\"]}]},{\"@type\":\"BreadcrumbList\",\"@id\":\"https:\/\/bottegheofficinali.com\/#breadcrumb\",\"itemListElement\":[{\"@type\":\"ListItem\",\"position\":1,\"name\":\"Home\",\"item\":\"https:\/\/bottegheofficinali.com\/\"},{\"@type\":\"ListItem\",\"position\":2,\"name\":\"Home\"}]},{\"@type\":\"WebSite\",\"@id\":\"https:\/\/bottegheofficinali.com\/it\/#website\",\"url\":\"https:\/\/bottegheofficinali.com\/it\/\",\"name\":\"Botteghe Officinali\",\"description\":\"\",\"potentialAction\":[{\"@type\":\"SearchAction\",\"target\":{\"@type\":\"EntryPoint\",\"urlTemplate\":\"https:\/\/bottegheofficinali.com\/it\/?s={search_term_string}\"},\"query-input\":{\"@type\":\"PropertyValueSpecification\",\"valueRequired\":true,\"valueName\":\"search_term_string\"}}],\"inLanguage\":\"fr-FR\"}]}<\/script>\n<!-- \/ Yoast SEO plugin. -->","yoast_head_json":{"title":"Prodotti per pidocchi e cosmetici - Botteghe Officinali","description":"Prodotti per pidocchi, cosmetica sostenibile per prenderti cura di te stesso e dei tuoi figli su bottegheofficinali.com tutti eticamente responsabili!","robots":{"index":"index","follow":"follow","max-snippet":"max-snippet:-1","max-image-preview":"max-image-preview:large","max-video-preview":"max-video-preview:-1"},"canonical":"https:\/\/bottegheofficinali.com\/fr\/","og_locale":"fr_FR","og_type":"article","og_title":"Prodotti per pidocchi e cosmetici - Botteghe Officinali","og_description":"Prodotti per pidocchi, cosmetica sostenibile per prenderti cura di te stesso e dei tuoi figli su bottegheofficinali.com tutti eticamente responsabili!","og_url":"https:\/\/bottegheofficinali.com\/fr\/","og_site_name":"Botteghe Officinali","article_modified_time":"2025-05-30T07:20:16+00:00","twitter_card":"summary_large_image","twitter_misc":{"Est. reading time":"2 minutes"},"schema":{"@context":"https:\/\/schema.org","@graph":[{"@type":"WebPage","@id":"https:\/\/bottegheofficinali.com\/","url":"https:\/\/bottegheofficinali.com\/","name":"Prodotti per pidocchi e cosmetici - Botteghe Officinali","isPartOf":{"@id":"https:\/\/bottegheofficinali.com\/it\/#website"},"datePublished":"2018-05-08T09:51:25+00:00","dateModified":"2025-05-30T07:20:16+00:00","description":"Prodotti per pidocchi, cosmetica sostenibile per prenderti cura di te stesso e dei tuoi figli su bottegheofficinali.com tutti eticamente responsabili!","breadcrumb":{"@id":"https:\/\/bottegheofficinali.com\/#breadcrumb"},"inLanguage":"fr-FR","potentialAction":[{"@type":"ReadAction","target":["https:\/\/bottegheofficinali.com\/"]}]},{"@type":"BreadcrumbList","@id":"https:\/\/bottegheofficinali.com\/#breadcrumb","itemListElement":[{"@type":"ListItem","position":1,"name":"Home","item":"https:\/\/bottegheofficinali.com\/"},{"@type":"ListItem","position":2,"name":"Home"}]},{"@type":"WebSite","@id":"https:\/\/bottegheofficinali.com\/it\/#website","url":"https:\/\/bottegheofficinali.com\/it\/","name":"Botteghe Officinali","description":"","potentialAction":[{"@type":"SearchAction","target":{"@type":"EntryPoint","urlTemplate":"https:\/\/bottegheofficinali.com\/it\/?s={search_term_string}"},"query-input":{"@type":"PropertyValueSpecification","valueRequired":true,"valueName":"search_term_string"}}],"inLanguage":"fr-FR"}]}},"_links":{"self":[{"href":"https:\/\/bottegheofficinali.com\/fr\/wp-json\/wp\/v2\/pages\/43","targetHints":{"allow":["GET"]}}],"collection":[{"href":"https:\/\/bottegheofficinali.com\/fr\/wp-json\/wp\/v2\/pages"}],"about":[{"href":"https:\/\/bottegheofficinali.com\/fr\/wp-json\/wp\/v2\/types\/page"}],"author":[{"embeddable":true,"href":"https:\/\/bottegheofficinali.com\/fr\/wp-json\/wp\/v2\/users\/1"}],"replies":[{"embeddable":true,"href":"https:\/\/bottegheofficinali.com\/fr\/wp-json\/wp\/v2\/comments?post=43"}],"version-history":[{"count":3,"href":"https:\/\/bottegheofficinali.com\/fr\/wp-json\/wp\/v2\/pages\/43\/revisions"}],"predecessor-version":[{"id":6711,"href":"https:\/\/bottegheofficinali.com\/fr\/wp-json\/wp\/v2\/pages\/43\/revisions\/6711"}],"wp:attachment":[{"href":"https:\/\/bottegheofficinali.com\/fr\/wp-json\/wp\/v2\/media?parent=43"}],"curies":[{"name":"wp","href":"https:\/\/api.w.org\/{rel}","templated":true}]}}