{"id":4433,"date":"2018-05-10T09:50:35","date_gmt":"2018-05-10T07:50:35","guid":{"rendered":"http:\/\/eola.mikado-themes.com\/?page_id=267"},"modified":"2025-05-27T14:02:46","modified_gmt":"2025-05-27T12:02:46","slug":"chi-siamo-prodotti-cosmetici","status":"publish","type":"page","link":"https:\/\/bottegheofficinali.com\/es\/prodotti-colori-trattamenti-per-capelli\/chi-siamo-prodotti-cosmetici\/","title":{"rendered":"Qui\u00e9nes somos"},"content":{"rendered":"<div class=\"mkdf-row-grid-section-wrapper\"  ><div class=\"mkdf-row-grid-section\"><div class=\"vc_row wpb_row vc_row-fluid vc_custom_1548863345588 vc_row-has-fill\" ><div class=\"wpb_column vc_column_container vc_col-sm-12\"><div class=\"vc_column-inner\"><div class=\"wpb_wrapper\"><div class=\"mkdf-elements-holder   mkdf-one-column  mkdf-responsive-mode-768\" ><div class=\"mkdf-eh-item   mkdf-horizontal-alignment-center\"  data-item-class=\"mkdf-eh-custom-5561\" data-1366-1600=\"78px 640px 126px 94px\" data-1024-1366=\"78px 540px 126px 94px\" data-768-1024=\"80px 340px 126px 106px\" data-680-768=\"80px 180px 126px 106px\" data-680=\"80px 0 126px 30px\">\n\t<div class=\"mkdf-eh-item-inner\">\n\t\t<div class=\"mkdf-eh-item-content mkdf-eh-custom-5561\" style=\"padding: 80px 660px 126px 106px\">\n\t\t\t<div class=\"mkdf-section-title-holder\" style=\"text-align: left\">\n\t<div class=\"mkdf-st-inner\">\n\t\t\t\t\t<h6 class=\"mkdf-st-subtitle\" style=\"color: #989b00;font-size: 25 px;margin-bottom: 5px\">\n\t\t\t\tLos secretos de nuestros productos\t\t\t<\/h6>\n\t\t\t\t\t\t\t<h3 class=\"mkdf-st-title\" style=\"color: #000000\">\n\t\t\t\tTradici\u00f3n y experiencia\t\t\t<\/h3>\n\t\t\t\t\t\t\t<p class=\"mkdf-st-text\" style=\"color: #000000;line-height: 28px;margin-top: 21px\">\n\t\t\t\tDesde las tradiciones Cimbras del norte Italia y con m\u00e1s de 10 a\u00f1os de experiencia formulativa en el sector fitocosm\u00e9tico, Botteghe Officinali cree en la sostenibilidad, en la vida en armon\u00eda con el medio ambiente y con el propio cuerpo. Proponemos productos cosm\u00e9ticos que van m\u00e1s all\u00e1 de la cosm\u00e9tica y que se pueden definir como \u201cRemedios Naturales\u201d, que ayudan a matener o restablecer en armon\u00eda los equilibrios fisiol\u00f3gicos naturales del cuerpo. Productos con un alto contenido en plantas, con una tolerancia y una seguridad demostradas por pruebas de laboratorio rigurosas. Las plantas medicinales de las que se obtienen los principios activos se cosechan en campos que no se someten a una agricultura intensiva y donde se pueden encontrar cultivos ecol\u00f3gicos. El cuidadoso trabajo de investigaci\u00f3n y desarrollo garantiza, adem\u00e1s, una alta eficacia en la prevenci\u00f3n y en el tratamiento de espec\u00edficos desequilibrios cut\u00e1neos.\t\t\t<\/p>\n\t\t\t<\/div>\n<\/div><div class=\"vc_empty_space\"   style=\"height: 30px\"><span class=\"vc_empty_space_inner\"><\/span><\/div>\t\t<\/div>\n\t<\/div>\n<\/div><\/div><\/div><\/div><\/div><\/div><\/div><\/div><div class=\"vc_row wpb_row vc_row-fluid\" ><div class=\"wpb_column vc_column_container vc_col-sm-12\"><div class=\"vc_column-inner\"><div class=\"wpb_wrapper\"><div class=\"vc_separator wpb_content_element vc_separator_align_center vc_sep_width_80 vc_sep_pos_align_center vc_separator_no_text vc_sep_color_grey\" ><span class=\"vc_sep_holder vc_sep_holder_l\"><span  class=\"vc_sep_line\"><\/span><\/span><span class=\"vc_sep_holder vc_sep_holder_r\"><span  class=\"vc_sep_line\"><\/span><\/span>\n<\/div><div class=\"vc_empty_space\"   style=\"height: 40px\"><span class=\"vc_empty_space_inner\"><\/span><\/div><\/div><\/div><\/div><\/div><div class=\"mkdf-row-grid-section-wrapper\"  ><div class=\"mkdf-row-grid-section\"><div class=\"vc_row wpb_row vc_row-fluid vc_custom_1525961520340\" ><div class=\"wpb_column vc_column_container vc_col-sm-12 vc_col-lg-6 vc_col-md-6 vc_col-xs-12\"><div class=\"vc_column-inner vc_custom_1525962133130\"><div class=\"wpb_wrapper\"><div class=\"mkdf-elements-holder   mkdf-one-column  mkdf-responsive-mode-768\" ><div class=\"mkdf-eh-item\"  data-item-class=\"mkdf-eh-custom-1147\" data-1366-1600=\"20px 69px 45px 0px\" data-1024-1366=\"20px 69px 45px 0px\" data-768-1024=\"20px 0 45px 0px\" data-680=\"20px 0px 45px 0px\">\n\t<div class=\"mkdf-eh-item-inner\">\n\t\t<div class=\"mkdf-eh-item-content mkdf-eh-custom-1147\" style=\"padding: 20px 180px 45px 0px\">\n\t\t\t<div class=\"mkdf-section-title-holder\" >\n\t<div class=\"mkdf-st-inner\">\n\t\t\t\t\t<h6 class=\"mkdf-st-subtitle\" style=\"color: #ded863;margin-bottom: 0px\">\n\t\t\t\tSimple y Natural\t\t\t<\/h6>\n\t\t\t\t\t\t\t<h3 class=\"mkdf-st-title\" style=\"color: #000000\">\n\t\t\t\t\u00a1Listos para el bienestar!\t\t\t<\/h3>\n\t\t\t\t\t\t\t<p class=\"mkdf-st-text\" style=\"color: #808080;line-height: 28px;margin-top: 26px\">\n\t\t\t\tLos productos propuestos por Botteghe Officinali son f\u00f3rmulas que contienen ingredientes derivados de extractos vegetales y formulados con materias primas vegetales, procedentes de la agricultura biol\u00f3gica, con caracter\u00edsticas hidratantes, protectoras de la piel y muy nutritivas, que facilitan el cuidado diario de su cuerpo.\t\t\t<\/p>\n\t\t\t<\/div>\n<\/div>\t\t<\/div>\n\t<\/div>\n<\/div><\/div><\/div><\/div><\/div><div class=\"wpb_column vc_column_container vc_col-sm-12 vc_col-lg-6 vc_col-md-6 vc_col-xs-12\"><div class=\"vc_column-inner vc_custom_1525962165664\"><div class=\"wpb_wrapper\"><div class=\"mkdf-elements-holder   mkdf-one-column  mkdf-responsive-mode-768\" ><div class=\"mkdf-eh-item\"  data-item-class=\"mkdf-eh-custom-6838\" data-680-768=\"26px 0 55px 0\" data-680=\"26px 0 60px 0px\">\n\t<div class=\"mkdf-eh-item-inner\">\n\t\t<div class=\"mkdf-eh-item-content mkdf-eh-custom-6838\" style=\"padding: 26px 0 0 14px\">\n\t\t\t<div class=\"mkdf-progress-bar\">\n\t<h6 class=\"mkdf-pb-title-holder\" style=\"color: #959595\">\n\t\t<span class=\"mkdf-pb-title\">Formulas Vegan<\/span>\n\t\t<span class=\"mkdf-pb-percent\">0<\/span>\n\t<\/h6>\n\t<div class=\"mkdf-pb-content-holder\" style=\"background-color: #f5f5f6\">\n\t  \t\t<div data-percentage=\"70\" class=\"mkdf-pb-content mkdf-standard-bar\" style=\"background-color: #ded863\"><\/div>\n\t  \t<\/div>\n<\/div>\n\n<div class=\"vc_empty_space\"   style=\"height: 12px\"><span class=\"vc_empty_space_inner\"><\/span><\/div><div class=\"mkdf-progress-bar\">\n\t<h6 class=\"mkdf-pb-title-holder\" style=\"color: #959595\">\n\t\t<span class=\"mkdf-pb-title\">Libre de Al\u00e9rgenos<\/span>\n\t\t<span class=\"mkdf-pb-percent\">0<\/span>\n\t<\/h6>\n\t<div class=\"mkdf-pb-content-holder\" style=\"background-color: #f5f5f6\">\n\t  \t\t<div data-percentage=\"85\" class=\"mkdf-pb-content mkdf-standard-bar\" style=\"background-color: #ded863\"><\/div>\n\t  \t<\/div>\n<\/div>\n\n<div class=\"vc_empty_space\"   style=\"height: 13px\"><span class=\"vc_empty_space_inner\"><\/span><\/div><div class=\"mkdf-progress-bar\">\n\t<h6 class=\"mkdf-pb-title-holder\" style=\"color: #959595\">\n\t\t<span class=\"mkdf-pb-title\">Cruelty Free - Animal Friendly<\/span>\n\t\t<span class=\"mkdf-pb-percent\">0<\/span>\n\t<\/h6>\n\t<div class=\"mkdf-pb-content-holder\" style=\"background-color: #f5f5f6\">\n\t  \t\t<div data-percentage=\"100\" class=\"mkdf-pb-content mkdf-standard-bar\" style=\"background-color: #ded863\"><\/div>\n\t  \t<\/div>\n<\/div>\n\n\t\t<\/div>\n\t<\/div>\n<\/div><\/div><\/div><\/div><\/div><\/div><\/div><\/div><div class=\"mkdf-row-grid-section-wrapper\"  ><div class=\"mkdf-row-grid-section\"><div class=\"vc_row wpb_row vc_row-fluid\" ><div class=\"wpb_column vc_column_container vc_col-sm-12\"><div class=\"vc_column-inner vc_custom_1527586943835\"><div class=\"wpb_wrapper\"><div class=\"mkdf-elements-holder   mkdf-one-column  mkdf-responsive-mode-768\" ><div class=\"mkdf-eh-item\"  data-item-class=\"mkdf-eh-custom-7583\">\n\t<div class=\"mkdf-eh-item-inner\">\n\t\t<div class=\"mkdf-eh-item-content mkdf-eh-custom-7583\" style=\"padding: 16px 0 95px\">\n\t\t\t<div class=\"mkdf-separator-holder clearfix  mkdf-separator-center mkdf-separator-full-width\">\n\t<div class=\"mkdf-separator\" style=\"border-color: #ebebeb;border-bottom-width: 1px;margin-top: 10px;margin-bottom: 10px\"><\/div>\n<\/div>\n<div class=\"vc_empty_space\"   style=\"height: 32px\"><span class=\"vc_empty_space_inner\"><\/span><\/div><div class=\"mkdf-dual-image-showcase-holder  mkdf-dual-image-showcase-left mkdf-text-align-center mkdf-parallax-items\" >\n            <div class=\"mkdf-dis-inner-holder\">\n            <div class=\"mkdf-background-image-holder\" data-y-axis-translation=\"-70\">\n                 <img loading=\"lazy\" decoding=\"async\" width=\"700\" height=\"700\" src=\"https:\/\/bottegheofficinali.com\/wp-content\/uploads\/2019\/09\/BO_003.jpg\" class=\"attachment-full size-full\" alt=\"\" srcset=\"https:\/\/bottegheofficinali.com\/wp-content\/uploads\/2019\/09\/BO_003.jpg 700w, https:\/\/bottegheofficinali.com\/wp-content\/uploads\/2019\/09\/BO_003-150x150.jpg 150w, https:\/\/bottegheofficinali.com\/wp-content\/uploads\/2019\/09\/BO_003-300x300.jpg 300w, https:\/\/bottegheofficinali.com\/wp-content\/uploads\/2019\/09\/BO_003-550x550.jpg 550w\" sizes=\"auto, (max-width: 700px) 100vw, 700px\" \/>            <\/div>\n            <div class=\"mkdf-foreground-image-holder\" data-y-axis-translation=\"50\">\n                             <\/div>\n        <\/div>\n        <div class=\"mkdf-dis-text-holder\">\n                            <h6 class=\"mkdf-dis-subtitle\" style=\"color: #000000\">Somos m\u00e1s que una Marca<\/h6>\n                                        <h3 class=\"mkdf-dis-title\" style=\"color: #ded863\">Somos una Familia<\/h3>\n                                        <p class=\"mkdf-dis-text\" >De los abuelos a los hijos, una historia de vanguardia e innovaci\u00f3n, pero tambi\u00e9n de familia y tradici\u00f3n. De hecho Botteghe Officinali es una empresa verdadera y visionaria: la utilizaci\u00f3n de materias primas de origen natural se convierte en un estilo de vida y los productos una sabia mezcla entre ciencia y tanta naturaleza, sabidur\u00eda transmitida de generaci\u00f3n en generaci\u00f3n.<\/p>\n                                 <\/div>\n    <\/div>\t\t<\/div>\n\t<\/div>\n<\/div><\/div><\/div><\/div><\/div><\/div><\/div><\/div><div class=\"mkdf-row-grid-section-wrapper mkdf-content-aligment-left\"  ><div class=\"mkdf-row-grid-section\"><div class=\"vc_row wpb_row vc_row-fluid vc_custom_1528100956614\" ><div class=\"wpb_column vc_column_container vc_col-sm-12 vc_col-lg-3 vc_hidden-lg vc_col-md-12 vc_hidden-md vc_hidden-sm vc_col-xs-12 vc_hidden-xs\"><div class=\"vc_column-inner vc_custom_1567503638669\"><div class=\"wpb_wrapper\"><div class=\"mkdf-elements-holder   mkdf-one-column  mkdf-responsive-mode-768\" ><div class=\"mkdf-eh-item\"  data-item-class=\"mkdf-eh-custom-4157\">\n\t<div class=\"mkdf-eh-item-inner\">\n\t\t<div class=\"mkdf-eh-item-content mkdf-eh-custom-4157\" style=\"padding: 0 0 0 0\">\n\t\t\t<div class=\"mkdf-section-title-holder\" >\n\t<div class=\"mkdf-st-inner\">\n\t\t\t\t\t<h6 class=\"mkdf-st-subtitle\" style=\"color: #f44479;font-weight: 200;margin-bottom: 11px\">\n\t\t\t\tDall'Italia per il mondo\t\t\t<\/h6>\n\t\t\t\t\t\t\t<h3 class=\"mkdf-st-title\" style=\"color: #000000\">\n\t\t\t\tI commenti dei clienti\t\t\t<\/h3>\n\t\t\t\t\t<\/div>\n<\/div><div class=\"vc_empty_space\"   style=\"height: 36px\"><span class=\"vc_empty_space_inner\"><\/span><\/div>\t\t<\/div>\n\t<\/div>\n<\/div><\/div><div class=\"mkdf-elements-holder   mkdf-one-column  mkdf-responsive-mode-768\" ><div class=\"mkdf-eh-item\"  data-item-class=\"mkdf-eh-custom-9858\" data-1366-1600=\"0 0 0 0px\" data-1024-1366=\"0 0 0 0px\" data-768-1024=\"0 0 37px 0px\" data-680-768=\"0 0 37px 0px\" data-680=\"0 0 37px 0px\">\n\t<div class=\"mkdf-eh-item-inner\">\n\t\t<div class=\"mkdf-eh-item-content mkdf-eh-custom-9858\" style=\"padding: 0 0 0 0\">\n\t\t\t<div class=\"mkdf-single-image-holder\">\n    <div class=\"mkdf-si-inner\" >\n                                    <img loading=\"lazy\" decoding=\"async\" width=\"175\" height=\"77\" src=\"https:\/\/bottegheofficinali.com\/wp-content\/uploads\/2018\/05\/h-6-single-image-4-3.png\" class=\"attachment-full size-full\" alt=\"abbellimento, chi siamo\" srcset=\"https:\/\/bottegheofficinali.com\/wp-content\/uploads\/2018\/05\/h-6-single-image-4-3.png 175w, https:\/\/bottegheofficinali.com\/wp-content\/uploads\/2018\/05\/h-6-single-image-4-3-100x44.png 100w\" sizes=\"auto, (max-width: 175px) 100vw, 175px\" \/>                        <\/div>\n<\/div>\t\t<\/div>\n\t<\/div>\n<\/div><\/div><\/div><\/div><\/div><div class=\"wpb_column vc_column_container vc_col-sm-12 vc_col-lg-9 vc_hidden-lg vc_col-md-12 vc_hidden-md vc_hidden-sm vc_col-xs-12 vc_hidden-xs vc_col-has-fill\"><div class=\"vc_column-inner vc_custom_1567503651943\"><div class=\"wpb_wrapper\"><div class=\"mkdf-elements-holder   mkdf-one-column  mkdf-responsive-mode-768\" ><div class=\"mkdf-eh-item\"  data-item-class=\"mkdf-eh-custom-1842\">\n\t<div class=\"mkdf-eh-item-inner\">\n\t\t<div class=\"mkdf-eh-item-content mkdf-eh-custom-1842\" style=\"padding: 0px 0 26px 0\">\n\t\t\t<div class=\"vc_row wpb_row vc_inner vc_row-fluid mkdf-content-aligment-center\" ><div class=\"wpb_column vc_column_container vc_col-sm-12\"><div class=\"vc_column-inner\"><div class=\"wpb_wrapper\"><div class=\"mkdf-testimonials-holder clearfix mkdf-testimonials\">\n    <div class=\"mkdf-testimonials mkdf-owl-slider\" data-enable-loop=\"yes\" data-enable-autoplay=\"yes\" data-slider-speed=\"5000\" data-slider-speed-animation=\"600\" data-enable-navigation=\"no\" data-enable-pagination=\"yes\">\n\n    \n            <div class=\"mkdf-testimonial-content\" id=\"mkdf-testimonials-3059\">\n                <div class=\"mkdf-testimonial-text-holder\">\n                                                                <div class=\"mkdf-text-quote-holder\">\n                            <span class=\"mkdf-testimonials-quote-sign\">&ldquo;<\/span>\n                            <h6 class=\"mkdf-testimonial-text\">J&#039;ai ador\u00e9 Olu, &#039;est une huile enrichie d&#039;argan, est l\u00e9ger et avec un agr\u00e9able parfum de caf\u00e9 ou de caramel, elle offre une finition satin\u00e9e et un r\u00e9sultat soyeux. Elle convient \u00e0 tous types de cheveux. FANTASTIQUE !!<\/h6>\n                        <\/div>\n                                                                <h5 class=\"mkdf-testimonial-author\">\n                            <span class=\"mkdf-testimonials-author-name\">Camille - FR<\/span>\n                                                    <\/h5>\n                                    <\/div>\n                            <\/div>\n\n    \n            <div class=\"mkdf-testimonial-content\" id=\"mkdf-testimonials-3058\">\n                <div class=\"mkdf-testimonial-text-holder\">\n                                                                <div class=\"mkdf-text-quote-holder\">\n                            <span class=\"mkdf-testimonials-quote-sign\">&ldquo;<\/span>\n                            <h6 class=\"mkdf-testimonial-text\">Me encantan sus productos, en especial Keraten... el pelo queda suave, brillante y mis rizos maravillosos.<\/h6>\n                        <\/div>\n                                                                <h5 class=\"mkdf-testimonial-author\">\n                            <span class=\"mkdf-testimonials-author-name\">Maria del Mar - ES<\/span>\n                                                    <\/h5>\n                                    <\/div>\n                            <\/div>\n\n    \n            <div class=\"mkdf-testimonial-content\" id=\"mkdf-testimonials-3057\">\n                <div class=\"mkdf-testimonial-text-holder\">\n                                                                <div class=\"mkdf-text-quote-holder\">\n                            <span class=\"mkdf-testimonials-quote-sign\">&ldquo;<\/span>\n                            <h6 class=\"mkdf-testimonial-text\">Sympatyczni, ambitni i bardzo zdolni ludzie! Zawsze wstaje z fotela zadowolona, Dzi\u0119kuj\u0119 ekipie za wsp\u00f3ln\u0105 prac\u0119 i pi\u0119kne w\u0142osy.<\/h6>\n                        <\/div>\n                                                                <h5 class=\"mkdf-testimonial-author\">\n                            <span class=\"mkdf-testimonials-author-name\">Kinga - PL<\/span>\n                                                    <\/h5>\n                                    <\/div>\n                            <\/div>\n\n    \n            <div class=\"mkdf-testimonial-content\" id=\"mkdf-testimonials-347\">\n                <div class=\"mkdf-testimonial-text-holder\">\n                                                                <div class=\"mkdf-text-quote-holder\">\n                            <span class=\"mkdf-testimonials-quote-sign\">&ldquo;<\/span>\n                            <h6 class=\"mkdf-testimonial-text\">Ho richiesto un consiglio prima dell&#039;acquisto dei pigmenti e in meno di un giorno ho ottenuto la risposta dallo staff. Veloci e molto gentili. Lo consiglio!<\/h6>\n                        <\/div>\n                                                                <h5 class=\"mkdf-testimonial-author\">\n                            <span class=\"mkdf-testimonials-author-name\">Francesca - IT<\/span>\n                                                    <\/h5>\n                                    <\/div>\n                            <\/div>\n\n    \n    <\/div>\n<\/div><\/div><\/div><\/div><\/div>\t\t<\/div>\n\t<\/div>\n<\/div><\/div><\/div><\/div><\/div><\/div><\/div><\/div><div class=\"vc_row wpb_row vc_row-fluid mkdf-content-aligment-center\" ><div class=\"wpb_column vc_column_container vc_col-sm-12\"><div class=\"vc_column-inner\"><div class=\"wpb_wrapper\"><div class=\"mkdf-elements-holder   mkdf-one-column  mkdf-responsive-mode-768\" ><div class=\"mkdf-eh-item\"  data-item-class=\"mkdf-eh-custom-6278\">\n\t<div class=\"mkdf-eh-item-inner\">\n\t\t<div class=\"mkdf-eh-item-content mkdf-eh-custom-6278\" style=\"padding: 110px 10% 55px 10%\">\n\t\t\t<div class=\"mkdf-section-title-holder\" >\n\t<div class=\"mkdf-st-inner\">\n\t\t\t\t\t<h4 class=\"mkdf-st-subtitle\" style=\"color: #000000\">\n\t\t\t\tAdar\u00f2 Bienestar Natural\t\t\t<\/h4>\n\t\t\t\t\t\t\t<h3 class=\"mkdf-st-title\" style=\"color: #ded863\">\n\t\t\t\tEstamos en Facebook\t\t\t<\/h3>\n\t\t\t\t\t<\/div>\n<\/div><div class=\"fb_like wpb_content_element fb_type_standard wpb_animate_when_almost_visible wpb_bounceInLeft bounceInLeft\" ><iframe src=\"https:\/\/www.facebook.com\/plugins\/like.php?href=https:\/\/bottegheofficinali.com\/es\/testimonials\/t4\/&amp;layout=standard&amp;show_faces=false&amp;action=like&amp;colorscheme=light\" scrolling=\"no\" frameborder=\"0\" allowtransparency=\"true\"><\/iframe><\/div>\t\t<\/div>\n\t<\/div>\n<\/div><\/div><div  class=\"wpb_widgetised_column wpb_content_element\">\n\t\t<div class=\"wpb_wrapper\">\n\t\t\t\n\t\t\t\n\t\t<\/div>\n\t<\/div>\n<\/div><\/div><\/div><\/div>","protected":false},"excerpt":{"rendered":"","protected":false},"author":1,"featured_media":0,"parent":43,"menu_order":3,"comment_status":"closed","ping_status":"closed","template":"full-width.php","meta":{"_acf_changed":false,"footnotes":""},"class_list":["post-4433","page","type-page","status-publish","hentry"],"acf":[],"yoast_head":"<!-- This site is optimized with the Yoast SEO plugin v26.6 - https:\/\/yoast.com\/wordpress\/plugins\/seo\/ -->\n<title>Prodotti cosmetici e anti pediculosi - Botteghe Officinali<\/title>\n<meta name=\"description\" content=\"Prodotti cosmetici e contro la pediculosi che aiutano a mantenere e riportare in armonia l&#039;equilibrio fisiologico del corpo solo su bottegheofficinali.com\" \/>\n<meta name=\"robots\" content=\"index, follow, max-snippet:-1, max-image-preview:large, max-video-preview:-1\" \/>\n<link rel=\"canonical\" href=\"https:\/\/bottegheofficinali.com\/es\/prodotti-colori-trattamenti-per-capelli\/chi-siamo-prodotti-cosmetici\/\" \/>\n<meta property=\"og:locale\" content=\"es_ES\" \/>\n<meta property=\"og:type\" content=\"article\" \/>\n<meta property=\"og:title\" content=\"Prodotti cosmetici e anti pediculosi - Botteghe Officinali\" \/>\n<meta property=\"og:description\" content=\"Prodotti cosmetici e contro la pediculosi che aiutano a mantenere e riportare in armonia l&#039;equilibrio fisiologico del corpo solo su bottegheofficinali.com\" \/>\n<meta property=\"og:url\" content=\"https:\/\/bottegheofficinali.com\/es\/prodotti-colori-trattamenti-per-capelli\/chi-siamo-prodotti-cosmetici\/\" \/>\n<meta property=\"og:site_name\" content=\"Botteghe Officinali\" \/>\n<meta property=\"article:modified_time\" content=\"2025-05-27T12:02:46+00:00\" \/>\n<meta name=\"twitter:card\" content=\"summary_large_image\" \/>\n<meta name=\"twitter:label1\" content=\"Est. reading time\" \/>\n\t<meta name=\"twitter:data1\" content=\"4 minutes\" \/>\n<script type=\"application\/ld+json\" class=\"yoast-schema-graph\">{\"@context\":\"https:\/\/schema.org\",\"@graph\":[{\"@type\":\"WebPage\",\"@id\":\"https:\/\/bottegheofficinali.com\/prodotti-colori-trattamenti-per-capelli\/chi-siamo-prodotti-cosmetici\/\",\"url\":\"https:\/\/bottegheofficinali.com\/prodotti-colori-trattamenti-per-capelli\/chi-siamo-prodotti-cosmetici\/\",\"name\":\"Prodotti cosmetici e anti pediculosi - Botteghe Officinali\",\"isPartOf\":{\"@id\":\"https:\/\/bottegheofficinali.com\/it\/#website\"},\"datePublished\":\"2018-05-10T07:50:35+00:00\",\"dateModified\":\"2025-05-27T12:02:46+00:00\",\"description\":\"Prodotti cosmetici e contro la pediculosi che aiutano a mantenere e riportare in armonia l'equilibrio fisiologico del corpo solo su bottegheofficinali.com\",\"breadcrumb\":{\"@id\":\"https:\/\/bottegheofficinali.com\/prodotti-colori-trattamenti-per-capelli\/chi-siamo-prodotti-cosmetici\/#breadcrumb\"},\"inLanguage\":\"es-ES\",\"potentialAction\":[{\"@type\":\"ReadAction\",\"target\":[\"https:\/\/bottegheofficinali.com\/prodotti-colori-trattamenti-per-capelli\/chi-siamo-prodotti-cosmetici\/\"]}]},{\"@type\":\"BreadcrumbList\",\"@id\":\"https:\/\/bottegheofficinali.com\/prodotti-colori-trattamenti-per-capelli\/chi-siamo-prodotti-cosmetici\/#breadcrumb\",\"itemListElement\":[{\"@type\":\"ListItem\",\"position\":1,\"name\":\"Home\",\"item\":\"https:\/\/bottegheofficinali.com\/\"},{\"@type\":\"ListItem\",\"position\":2,\"name\":\"Home\",\"item\":\"https:\/\/bottegheofficinali.com\/\"},{\"@type\":\"ListItem\",\"position\":3,\"name\":\"Chi siamo\"}]},{\"@type\":\"WebSite\",\"@id\":\"https:\/\/bottegheofficinali.com\/it\/#website\",\"url\":\"https:\/\/bottegheofficinali.com\/it\/\",\"name\":\"Botteghe Officinali\",\"description\":\"\",\"potentialAction\":[{\"@type\":\"SearchAction\",\"target\":{\"@type\":\"EntryPoint\",\"urlTemplate\":\"https:\/\/bottegheofficinali.com\/it\/?s={search_term_string}\"},\"query-input\":{\"@type\":\"PropertyValueSpecification\",\"valueRequired\":true,\"valueName\":\"search_term_string\"}}],\"inLanguage\":\"es-ES\"}]}<\/script>\n<!-- \/ Yoast SEO plugin. -->","yoast_head_json":{"title":"Prodotti cosmetici e anti pediculosi - Botteghe Officinali","description":"Prodotti cosmetici e contro la pediculosi che aiutano a mantenere e riportare in armonia l'equilibrio fisiologico del corpo solo su bottegheofficinali.com","robots":{"index":"index","follow":"follow","max-snippet":"max-snippet:-1","max-image-preview":"max-image-preview:large","max-video-preview":"max-video-preview:-1"},"canonical":"https:\/\/bottegheofficinali.com\/es\/prodotti-colori-trattamenti-per-capelli\/chi-siamo-prodotti-cosmetici\/","og_locale":"es_ES","og_type":"article","og_title":"Prodotti cosmetici e anti pediculosi - Botteghe Officinali","og_description":"Prodotti cosmetici e contro la pediculosi che aiutano a mantenere e riportare in armonia l'equilibrio fisiologico del corpo solo su bottegheofficinali.com","og_url":"https:\/\/bottegheofficinali.com\/es\/prodotti-colori-trattamenti-per-capelli\/chi-siamo-prodotti-cosmetici\/","og_site_name":"Botteghe Officinali","article_modified_time":"2025-05-27T12:02:46+00:00","twitter_card":"summary_large_image","twitter_misc":{"Est. reading time":"4 minutes"},"schema":{"@context":"https:\/\/schema.org","@graph":[{"@type":"WebPage","@id":"https:\/\/bottegheofficinali.com\/prodotti-colori-trattamenti-per-capelli\/chi-siamo-prodotti-cosmetici\/","url":"https:\/\/bottegheofficinali.com\/prodotti-colori-trattamenti-per-capelli\/chi-siamo-prodotti-cosmetici\/","name":"Prodotti cosmetici e anti pediculosi - Botteghe Officinali","isPartOf":{"@id":"https:\/\/bottegheofficinali.com\/it\/#website"},"datePublished":"2018-05-10T07:50:35+00:00","dateModified":"2025-05-27T12:02:46+00:00","description":"Prodotti cosmetici e contro la pediculosi che aiutano a mantenere e riportare in armonia l'equilibrio fisiologico del corpo solo su bottegheofficinali.com","breadcrumb":{"@id":"https:\/\/bottegheofficinali.com\/prodotti-colori-trattamenti-per-capelli\/chi-siamo-prodotti-cosmetici\/#breadcrumb"},"inLanguage":"es-ES","potentialAction":[{"@type":"ReadAction","target":["https:\/\/bottegheofficinali.com\/prodotti-colori-trattamenti-per-capelli\/chi-siamo-prodotti-cosmetici\/"]}]},{"@type":"BreadcrumbList","@id":"https:\/\/bottegheofficinali.com\/prodotti-colori-trattamenti-per-capelli\/chi-siamo-prodotti-cosmetici\/#breadcrumb","itemListElement":[{"@type":"ListItem","position":1,"name":"Home","item":"https:\/\/bottegheofficinali.com\/"},{"@type":"ListItem","position":2,"name":"Home","item":"https:\/\/bottegheofficinali.com\/"},{"@type":"ListItem","position":3,"name":"Chi siamo"}]},{"@type":"WebSite","@id":"https:\/\/bottegheofficinali.com\/it\/#website","url":"https:\/\/bottegheofficinali.com\/it\/","name":"Botteghe Officinali","description":"","potentialAction":[{"@type":"SearchAction","target":{"@type":"EntryPoint","urlTemplate":"https:\/\/bottegheofficinali.com\/it\/?s={search_term_string}"},"query-input":{"@type":"PropertyValueSpecification","valueRequired":true,"valueName":"search_term_string"}}],"inLanguage":"es-ES"}]}},"_links":{"self":[{"href":"https:\/\/bottegheofficinali.com\/es\/wp-json\/wp\/v2\/pages\/4433","targetHints":{"allow":["GET"]}}],"collection":[{"href":"https:\/\/bottegheofficinali.com\/es\/wp-json\/wp\/v2\/pages"}],"about":[{"href":"https:\/\/bottegheofficinali.com\/es\/wp-json\/wp\/v2\/types\/page"}],"author":[{"embeddable":true,"href":"https:\/\/bottegheofficinali.com\/es\/wp-json\/wp\/v2\/users\/1"}],"replies":[{"embeddable":true,"href":"https:\/\/bottegheofficinali.com\/es\/wp-json\/wp\/v2\/comments?post=4433"}],"version-history":[{"count":2,"href":"https:\/\/bottegheofficinali.com\/es\/wp-json\/wp\/v2\/pages\/4433\/revisions"}],"predecessor-version":[{"id":6707,"href":"https:\/\/bottegheofficinali.com\/es\/wp-json\/wp\/v2\/pages\/4433\/revisions\/6707"}],"up":[{"embeddable":true,"href":"https:\/\/bottegheofficinali.com\/es\/wp-json\/wp\/v2\/pages\/43"}],"wp:attachment":[{"href":"https:\/\/bottegheofficinali.com\/es\/wp-json\/wp\/v2\/media?parent=4433"}],"curies":[{"name":"wp","href":"https:\/\/api.w.org\/{rel}","templated":true}]}}